{"id":281,"date":"2025-06-16T10:50:52","date_gmt":"2025-06-16T10:50:52","guid":{"rendered":"https:\/\/wp.para42.com\/?page_id=281"},"modified":"2025-12-16T11:20:58","modified_gmt":"2025-12-16T11:20:58","slug":"about","status":"publish","type":"page","link":"https:\/\/para42.com\/de\/info\/about\/","title":{"rendered":"\u00dcber"},"content":{"rendered":"<div data-elementor-type=\"wp-page\" data-elementor-id=\"281\" class=\"elementor elementor-281\" data-elementor-post-type=\"page\">\n\t\t\t\t<div class=\"elementor-element elementor-element-cc139f9 e-flex e-con-boxed e-con e-parent\" data-id=\"cc139f9\" data-element_type=\"container\" data-settings=\"{&quot;background_background&quot;:&quot;classic&quot;}\">\n\t\t\t\t\t<div class=\"e-con-inner\">\n\t\t\t\t<div class=\"elementor-element elementor-element-7f84d81 elementor-widget elementor-widget-heading\" data-id=\"7f84d81\" data-element_type=\"widget\" data-widget_type=\"heading.default\">\n\t\t\t\t<div class=\"elementor-widget-container\">\n\t\t\t\t\t<h1 class=\"elementor-heading-title elementor-size-default\"><b>\u00dcber<\/b> Para42<\/h1>\t\t\t\t<\/div>\n\t\t\t\t<\/div>\n\t\t\t\t\t<\/div>\n\t\t\t\t<\/div>\n\t\t<div class=\"elementor-element elementor-element-ecc41e5 e-flex e-con-boxed e-con e-parent\" data-id=\"ecc41e5\" data-element_type=\"container\">\n\t\t\t\t\t<div class=\"e-con-inner\">\n\t\t\t\t<div class=\"elementor-element elementor-element-27cb9b2 elementor-widget elementor-widget-image\" data-id=\"27cb9b2\" data-element_type=\"widget\" data-widget_type=\"image.default\">\n\t\t\t\t<div class=\"elementor-widget-container\">\n\t\t\t\t\t\t\t\t\t\t\t\t\t\t\t<img fetchpriority=\"high\" decoding=\"async\" width=\"567\" height=\"567\" src=\"https:\/\/para42.com\/wp-content\/uploads\/2025\/07\/para42_logo.png\" class=\"attachment-large size-large wp-image-1071\" alt=\"\" srcset=\"https:\/\/para42.com\/wp-content\/uploads\/2025\/07\/para42_logo.png 567w, https:\/\/para42.com\/wp-content\/uploads\/2025\/07\/para42_logo-300x300.png 300w, https:\/\/para42.com\/wp-content\/uploads\/2025\/07\/para42_logo-150x150.png 150w, https:\/\/para42.com\/wp-content\/uploads\/2025\/07\/para42_logo-12x12.png 12w, https:\/\/para42.com\/wp-content\/uploads\/2025\/07\/para42_logo-100x100.png 100w\" sizes=\"(max-width: 567px) 100vw, 567px\" \/>\t\t\t\t\t\t\t\t\t\t\t\t\t\t\t<\/div>\n\t\t\t\t<\/div>\n\t\t\t\t\t<\/div>\n\t\t\t\t<\/div>\n\t\t<div class=\"elementor-element elementor-element-979785e e-flex e-con-boxed e-con e-parent\" data-id=\"979785e\" data-element_type=\"container\" data-settings=\"{&quot;background_background&quot;:&quot;classic&quot;}\">\n\t\t\t\t\t<div class=\"e-con-inner\">\n\t\t<div class=\"elementor-element elementor-element-7d37aac e-con-full e-flex e-con e-child\" data-id=\"7d37aac\" data-element_type=\"container\">\n\t\t\t\t<div class=\"elementor-element elementor-element-071fe3e elementor-widget elementor-widget-heading\" data-id=\"071fe3e\" data-element_type=\"widget\" data-widget_type=\"heading.default\">\n\t\t\t\t<div class=\"elementor-widget-container\">\n\t\t\t\t\t<h3 class=\"elementor-heading-title elementor-size-default translation-block\">Warum <span class=\"mark-red\">Teneriffa?<\/span><\/h3>\t\t\t\t<\/div>\n\t\t\t\t<\/div>\n\t\t\t\t<div class=\"elementor-element elementor-element-18a046c elementor-widget elementor-widget-text-editor\" data-id=\"18a046c\" data-element_type=\"widget\" data-widget_type=\"text-editor.default\">\n\t\t\t\t<div class=\"elementor-widget-container\">\n\t\t\t\t\t\t\t\t\t<p>Die Insel ist einer der Orte mit den meisten fliegbaren Tagen  f\u00fcr Gleitschirmflieger weltweit. Sie bietet eine gro\u00dfe Vielfalt an Fluggebieten, Landschaften, Klimazonen, Luv- und Leefliegen. Und nicht zu vergessen das Meer, die Sonne, gutes Essen und nette Leute. Ein Paradies f\u00fcr Gleitschirmflieger.<\/p>\t\t\t\t\t\t\t\t<\/div>\n\t\t\t\t<\/div>\n\t\t\t\t<\/div>\n\t\t\t\t\t<\/div>\n\t\t\t\t<\/div>\n\t\t<div class=\"elementor-element elementor-element-d7d50f2 e-flex e-con-boxed e-con e-parent\" data-id=\"d7d50f2\" data-element_type=\"container\" data-settings=\"{&quot;background_background&quot;:&quot;classic&quot;}\">\n\t\t\t\t\t<div class=\"e-con-inner\">\n\t\t<div class=\"elementor-element elementor-element-42aaa81 e-con-full e-flex e-con e-child\" data-id=\"42aaa81\" data-element_type=\"container\">\n\t\t\t\t<\/div>\n\t\t\t\t\t<\/div>\n\t\t\t\t<\/div>\n\t\t<div class=\"elementor-element elementor-element-140ead2 e-flex e-con-boxed e-con e-parent\" data-id=\"140ead2\" data-element_type=\"container\" data-settings=\"{&quot;background_background&quot;:&quot;classic&quot;}\">\n\t\t\t\t\t<div class=\"e-con-inner\">\n\t\t<div class=\"elementor-element elementor-element-df90951 e-con-full e-flex e-con e-child\" data-id=\"df90951\" data-element_type=\"container\">\n\t\t\t\t<div class=\"elementor-element elementor-element-31f0f2f elementor-widget elementor-widget-heading\" data-id=\"31f0f2f\" data-element_type=\"widget\" data-widget_type=\"heading.default\">\n\t\t\t\t<div class=\"elementor-widget-container\">\n\t\t\t\t\t<h3 class=\"elementor-heading-title elementor-size-default\">Wir bieten ...\n<\/h3>\t\t\t\t<\/div>\n\t\t\t\t<\/div>\n\t\t\t\t<div class=\"elementor-element elementor-element-b77e406 elementor-widget elementor-widget-text-editor\" data-id=\"b77e406\" data-element_type=\"widget\" data-widget_type=\"text-editor.default\">\n\t\t\t\t<div class=\"elementor-widget-container\">\n\t\t\t\t\t\t\t\t\t<p>... hochprofessionelles Guiding f\u00fcr Gleitschirmpiloten von mittlerem bis fortgeschrittenem Niveau in der Wintersaison auf Teneriffa, jeden Tag von Oktober bis M\u00e4rz. Unser Service umfasst jeglichen Transport sowie Wetter-, Gel\u00e4nde- und XC-Briefings.<\/p><p>Wir m\u00f6chten deine Reise so angenehm und sicher wie m\u00f6glich gestalten \u2013 und wir m\u00f6chten auch, dass du zur richtigen Zeit am richtigen Ort bist, um das Beste aus jedem Tag herauszuholen.<\/p><p>Normalerweise treffen wir uns gegen 10 Uhr morgens und fliegen bis zum Sonnenuntergang \u2013 je nach Wetterlage, rund um die ganze Insel.<\/p><p>Unser Tagessatz pro Pilot beginnt bei 70\u20ac. Optional bieten wir auch ein Paket mit Unterkunft ab 49\u20ac pro Nacht an, ein Landeplatz ist in der N\u00e4he.<\/p>\t\t\t\t\t\t\t\t<\/div>\n\t\t\t\t<\/div>\n\t\t\t\t<div class=\"elementor-element elementor-element-8282a10 elementor-align-left elementor-mobile-align-center elementor-widget elementor-widget-button\" data-id=\"8282a10\" data-element_type=\"widget\" data-widget_type=\"button.default\">\n\t\t\t\t<div class=\"elementor-widget-container\">\n\t\t\t\t\t\t\t\t\t<div class=\"elementor-button-wrapper\">\n\t\t\t\t\t<a class=\"elementor-button elementor-button-link elementor-size-sm\" href=\"https:\/\/para42.com\/de\/booking\/request\/\">\n\t\t\t\t\t\t<span class=\"elementor-button-content-wrapper\">\n\t\t\t\t\t\t\t\t\t<span class=\"elementor-button-text\">Hier buchen<\/span>\n\t\t\t\t\t<\/span>\n\t\t\t\t\t<\/a>\n\t\t\t\t<\/div>\n\t\t\t\t\t\t\t\t<\/div>\n\t\t\t\t<\/div>\n\t\t\t\t<\/div>\n\t\t\t\t\t<\/div>\n\t\t\t\t<\/div>\n\t\t<div class=\"elementor-element elementor-element-4b112f6 e-flex e-con-boxed e-con e-parent\" data-id=\"4b112f6\" data-element_type=\"container\" data-settings=\"{&quot;background_background&quot;:&quot;classic&quot;}\">\n\t\t\t\t\t<div class=\"e-con-inner\">\n\t\t<div class=\"elementor-element elementor-element-987b44b e-con-full e-flex e-con e-child\" data-id=\"987b44b\" data-element_type=\"container\">\n\t\t\t\t<\/div>\n\t\t\t\t\t<\/div>\n\t\t\t\t<\/div>\n\t\t<div class=\"elementor-element elementor-element-d1fc201 e-flex e-con-boxed e-con e-parent\" data-id=\"d1fc201\" data-element_type=\"container\" data-settings=\"{&quot;background_background&quot;:&quot;classic&quot;}\">\n\t\t\t\t\t<div class=\"e-con-inner\">\n\t\t<div class=\"elementor-element elementor-element-573c35e e-con-full e-flex e-con e-child\" data-id=\"573c35e\" data-element_type=\"container\">\n\t\t\t\t<div class=\"elementor-element elementor-element-b697c26 elementor-widget elementor-widget-heading\" data-id=\"b697c26\" data-element_type=\"widget\" data-widget_type=\"heading.default\">\n\t\t\t\t<div class=\"elementor-widget-container\">\n\t\t\t\t\t<h3 class=\"elementor-heading-title elementor-size-default\"><span class=\"mark-red\">Para42<\/span> - kurz zusammengefasst<\/h3>\t\t\t\t<\/div>\n\t\t\t\t<\/div>\n\t\t\t\t<div class=\"elementor-element elementor-element-72c0bf2 elementor-widget elementor-widget-text-editor\" data-id=\"72c0bf2\" data-element_type=\"widget\" data-widget_type=\"text-editor.default\">\n\t\t\t\t<div class=\"elementor-widget-container\">\n\t\t\t\t\t\t\t\t\t<p>Para42 wurde 2008 gegr\u00fcndet. \u00dcber die Jahre hat sich eine tolle Community aus Piloten aus ganz Europa und der Welt gebildet, die die guten Flugbedingungen auf Teneriffa im Winter sch\u00e4tzen und Erfahrungen austauschen.<\/p><p>2023 bekam Martin das Angebot, mit Para42 weiterzumachen und er musste nicht lange \u00fcberlegen\u2026<\/p><p>Martin arbeitet seit Jahren als professioneller Tandempilot, Guide und Gleitschirm-Fluglehrer \u2013 mit gro\u00dfer Leidenschaft bietet er das bestm\u00f6gliche Guiding auf Teneriffa.<\/p><p class=\"translation-block\">Die Geschichte geht also weiter mit fantastischen Fl\u00fcgen in der Wintersaison auf Teneriffa \u2013 Weiterhin bietet Para42 den Gastpiloten ein hochprofessionelles und leidenschaftliches Guiding, jeden Tag von Oktober bis M\u00e4rz. Ein <a href=\"https:\/\/para42.com\/de\/info\/team\/\" target=\"_self\">fantastisches neues Team<\/a> erm\u00f6glicht es, den Service auch auf In-Air-Coaching und Fortbildungsfl\u00fcge im Tandem auszuweiten. Wir k\u00f6nnen die n\u00e4chste Saison 2025\/2026 kaum erwarten!<\/p>\t\t\t\t\t\t\t\t<\/div>\n\t\t\t\t<\/div>\n\t\t\t\t<\/div>\n\t\t\t\t\t<\/div>\n\t\t\t\t<\/div>\n\t\t\t\t<\/div>","protected":false},"excerpt":{"rendered":"<p>About Para42 Why Tenerife? The island is one of the places with the most flyable days for paragliders in the world. It has a great variety of flying sites, landscapes, climate zones, windward and leeward flying &#8211; and not to forget an ocean, the sun, good food and nice people. A paragliding paradise. We offer&#8230; [&hellip;]<\/p>","protected":false},"author":1,"featured_media":1411,"parent":279,"menu_order":0,"comment_status":"closed","ping_status":"closed","template":"","meta":{"footnotes":""},"class_list":["post-281","page","type-page","status-publish","has-post-thumbnail","hentry"],"_links":{"self":[{"href":"https:\/\/para42.com\/de\/wp-json\/wp\/v2\/pages\/281","targetHints":{"allow":["GET"]}}],"collection":[{"href":"https:\/\/para42.com\/de\/wp-json\/wp\/v2\/pages"}],"about":[{"href":"https:\/\/para42.com\/de\/wp-json\/wp\/v2\/types\/page"}],"author":[{"embeddable":true,"href":"https:\/\/para42.com\/de\/wp-json\/wp\/v2\/users\/1"}],"replies":[{"embeddable":true,"href":"https:\/\/para42.com\/de\/wp-json\/wp\/v2\/comments?post=281"}],"version-history":[{"count":121,"href":"https:\/\/para42.com\/de\/wp-json\/wp\/v2\/pages\/281\/revisions"}],"predecessor-version":[{"id":2325,"href":"https:\/\/para42.com\/de\/wp-json\/wp\/v2\/pages\/281\/revisions\/2325"}],"up":[{"embeddable":true,"href":"https:\/\/para42.com\/de\/wp-json\/wp\/v2\/pages\/279"}],"wp:featuredmedia":[{"embeddable":true,"href":"https:\/\/para42.com\/de\/wp-json\/wp\/v2\/media\/1411"}],"wp:attachment":[{"href":"https:\/\/para42.com\/de\/wp-json\/wp\/v2\/media?parent=281"}],"curies":[{"name":"wp","href":"https:\/\/api.w.org\/{rel}","templated":true}]}}