{"id":281,"date":"2025-06-16T10:50:52","date_gmt":"2025-06-16T10:50:52","guid":{"rendered":"https:\/\/wp.para42.com\/?page_id=281"},"modified":"2025-12-16T11:20:58","modified_gmt":"2025-12-16T11:20:58","slug":"about","status":"publish","type":"page","link":"https:\/\/para42.com\/es\/info\/about\/","title":{"rendered":"Acerca de"},"content":{"rendered":"<div data-elementor-type=\"wp-page\" data-elementor-id=\"281\" class=\"elementor elementor-281\" data-elementor-post-type=\"page\">\n\t\t\t\t<div class=\"elementor-element elementor-element-cc139f9 e-flex e-con-boxed e-con e-parent\" data-id=\"cc139f9\" data-element_type=\"container\" data-settings=\"{&quot;background_background&quot;:&quot;classic&quot;}\">\n\t\t\t\t\t<div class=\"e-con-inner\">\n\t\t\t\t<div class=\"elementor-element elementor-element-7f84d81 elementor-widget elementor-widget-heading\" data-id=\"7f84d81\" data-element_type=\"widget\" data-widget_type=\"heading.default\">\n\t\t\t\t<div class=\"elementor-widget-container\">\n\t\t\t\t\t<h1 class=\"elementor-heading-title elementor-size-default\"><b>Acerca de<\/b> Para42<\/h1>\t\t\t\t<\/div>\n\t\t\t\t<\/div>\n\t\t\t\t\t<\/div>\n\t\t\t\t<\/div>\n\t\t<div class=\"elementor-element elementor-element-ecc41e5 e-flex e-con-boxed e-con e-parent\" data-id=\"ecc41e5\" data-element_type=\"container\">\n\t\t\t\t\t<div class=\"e-con-inner\">\n\t\t\t\t<div class=\"elementor-element elementor-element-27cb9b2 elementor-widget elementor-widget-image\" data-id=\"27cb9b2\" data-element_type=\"widget\" data-widget_type=\"image.default\">\n\t\t\t\t<div class=\"elementor-widget-container\">\n\t\t\t\t\t\t\t\t\t\t\t\t\t\t\t<img fetchpriority=\"high\" decoding=\"async\" width=\"567\" height=\"567\" src=\"https:\/\/para42.com\/wp-content\/uploads\/2025\/07\/para42_logo.png\" class=\"attachment-large size-large wp-image-1071\" alt=\"\" srcset=\"https:\/\/para42.com\/wp-content\/uploads\/2025\/07\/para42_logo.png 567w, https:\/\/para42.com\/wp-content\/uploads\/2025\/07\/para42_logo-300x300.png 300w, https:\/\/para42.com\/wp-content\/uploads\/2025\/07\/para42_logo-150x150.png 150w, https:\/\/para42.com\/wp-content\/uploads\/2025\/07\/para42_logo-12x12.png 12w, https:\/\/para42.com\/wp-content\/uploads\/2025\/07\/para42_logo-100x100.png 100w\" sizes=\"(max-width: 567px) 100vw, 567px\" \/>\t\t\t\t\t\t\t\t\t\t\t\t\t\t\t<\/div>\n\t\t\t\t<\/div>\n\t\t\t\t\t<\/div>\n\t\t\t\t<\/div>\n\t\t<div class=\"elementor-element elementor-element-979785e e-flex e-con-boxed e-con e-parent\" data-id=\"979785e\" data-element_type=\"container\" data-settings=\"{&quot;background_background&quot;:&quot;classic&quot;}\">\n\t\t\t\t\t<div class=\"e-con-inner\">\n\t\t<div class=\"elementor-element elementor-element-7d37aac e-con-full e-flex e-con e-child\" data-id=\"7d37aac\" data-element_type=\"container\">\n\t\t\t\t<div class=\"elementor-element elementor-element-071fe3e elementor-widget elementor-widget-heading\" data-id=\"071fe3e\" data-element_type=\"widget\" data-widget_type=\"heading.default\">\n\t\t\t\t<div class=\"elementor-widget-container\">\n\t\t\t\t\t<h3 class=\"elementor-heading-title elementor-size-default translation-block\">\u00bfPor qu\u00e9 <span class=\"mark-red\">Tenerife?<\/span><\/h3>\t\t\t\t<\/div>\n\t\t\t\t<\/div>\n\t\t\t\t<div class=\"elementor-element elementor-element-18a046c elementor-widget elementor-widget-text-editor\" data-id=\"18a046c\" data-element_type=\"widget\" data-widget_type=\"text-editor.default\">\n\t\t\t\t<div class=\"elementor-widget-container\">\n\t\t\t\t\t\t\t\t\t<p>La isla es uno de los lugares con m\u00e1s d\u00edas volables para parapentes en el mundo. Tiene una gran variedad de zonas de vuelo, paisajes, zonas clim\u00e1ticas, vuelo a barlovento y sotavento \u2014 y no hay que olvidar el oc\u00e9ano, el sol, la buena comida y la gente amable. Un para\u00edso para el parapente.<\/p>\t\t\t\t\t\t\t\t<\/div>\n\t\t\t\t<\/div>\n\t\t\t\t<\/div>\n\t\t\t\t\t<\/div>\n\t\t\t\t<\/div>\n\t\t<div class=\"elementor-element elementor-element-d7d50f2 e-flex e-con-boxed e-con e-parent\" data-id=\"d7d50f2\" data-element_type=\"container\" data-settings=\"{&quot;background_background&quot;:&quot;classic&quot;}\">\n\t\t\t\t\t<div class=\"e-con-inner\">\n\t\t<div class=\"elementor-element elementor-element-42aaa81 e-con-full e-flex e-con e-child\" data-id=\"42aaa81\" data-element_type=\"container\">\n\t\t\t\t<\/div>\n\t\t\t\t\t<\/div>\n\t\t\t\t<\/div>\n\t\t<div class=\"elementor-element elementor-element-140ead2 e-flex e-con-boxed e-con e-parent\" data-id=\"140ead2\" data-element_type=\"container\" data-settings=\"{&quot;background_background&quot;:&quot;classic&quot;}\">\n\t\t\t\t\t<div class=\"e-con-inner\">\n\t\t<div class=\"elementor-element elementor-element-df90951 e-con-full e-flex e-con e-child\" data-id=\"df90951\" data-element_type=\"container\">\n\t\t\t\t<div class=\"elementor-element elementor-element-31f0f2f elementor-widget elementor-widget-heading\" data-id=\"31f0f2f\" data-element_type=\"widget\" data-widget_type=\"heading.default\">\n\t\t\t\t<div class=\"elementor-widget-container\">\n\t\t\t\t\t<h3 class=\"elementor-heading-title elementor-size-default\">Ofrecemos...\n<\/h3>\t\t\t\t<\/div>\n\t\t\t\t<\/div>\n\t\t\t\t<div class=\"elementor-element elementor-element-b77e406 elementor-widget elementor-widget-text-editor\" data-id=\"b77e406\" data-element_type=\"widget\" data-widget_type=\"text-editor.default\">\n\t\t\t\t<div class=\"elementor-widget-container\">\n\t\t\t\t\t\t\t\t\t<p>...vuelo guiado altamente profesional en la temporada de invierno en Tenerife, todos los d\u00edas de octubre a marzo \u2014 para pilotos de parapente de nivel intermedio a avanzado. Nuestro servicio incluye todo el transporte, briefings de meteorolog\u00eda, sitios y XC.<\/p><p>Queremos que tu viaje sea lo m\u00e1s agradable y seguro posible \u2014 tambi\u00e9n queremos que est\u00e9s en el lugar correcto en el momento justo para aprovechar al m\u00e1ximo cada d\u00eda.<\/p><p>Normalmente nos reunimos alrededor de las 10 de la ma\u00f1ana y volamos hasta el atardecer \u2014 por toda la isla, seg\u00fan las condiciones meteorol\u00f3gicas.<\/p><p>Nuestra tarifa diaria por piloto es desde 70 \u20ac, tambi\u00e9n ofrecemos un paquete opcional con alojamiento y una zona de aterrizaje cercana, desde 49 \u20ac por noche.<\/p>\t\t\t\t\t\t\t\t<\/div>\n\t\t\t\t<\/div>\n\t\t\t\t<div class=\"elementor-element elementor-element-8282a10 elementor-align-left elementor-mobile-align-center elementor-widget elementor-widget-button\" data-id=\"8282a10\" data-element_type=\"widget\" data-widget_type=\"button.default\">\n\t\t\t\t<div class=\"elementor-widget-container\">\n\t\t\t\t\t\t\t\t\t<div class=\"elementor-button-wrapper\">\n\t\t\t\t\t<a class=\"elementor-button elementor-button-link elementor-size-sm\" href=\"https:\/\/para42.com\/es\/booking\/request\/\">\n\t\t\t\t\t\t<span class=\"elementor-button-content-wrapper\">\n\t\t\t\t\t\t\t\t\t<span class=\"elementor-button-text\">Reserva con nosotros<\/span>\n\t\t\t\t\t<\/span>\n\t\t\t\t\t<\/a>\n\t\t\t\t<\/div>\n\t\t\t\t\t\t\t\t<\/div>\n\t\t\t\t<\/div>\n\t\t\t\t<\/div>\n\t\t\t\t\t<\/div>\n\t\t\t\t<\/div>\n\t\t<div class=\"elementor-element elementor-element-4b112f6 e-flex e-con-boxed e-con e-parent\" data-id=\"4b112f6\" data-element_type=\"container\" data-settings=\"{&quot;background_background&quot;:&quot;classic&quot;}\">\n\t\t\t\t\t<div class=\"e-con-inner\">\n\t\t<div class=\"elementor-element elementor-element-987b44b e-con-full e-flex e-con e-child\" data-id=\"987b44b\" data-element_type=\"container\">\n\t\t\t\t<\/div>\n\t\t\t\t\t<\/div>\n\t\t\t\t<\/div>\n\t\t<div class=\"elementor-element elementor-element-d1fc201 e-flex e-con-boxed e-con e-parent\" data-id=\"d1fc201\" data-element_type=\"container\" data-settings=\"{&quot;background_background&quot;:&quot;classic&quot;}\">\n\t\t\t\t\t<div class=\"e-con-inner\">\n\t\t<div class=\"elementor-element elementor-element-573c35e e-con-full e-flex e-con e-child\" data-id=\"573c35e\" data-element_type=\"container\">\n\t\t\t\t<div class=\"elementor-element elementor-element-b697c26 elementor-widget elementor-widget-heading\" data-id=\"b697c26\" data-element_type=\"widget\" data-widget_type=\"heading.default\">\n\t\t\t\t<div class=\"elementor-widget-container\">\n\t\t\t\t\t<h3 class=\"elementor-heading-title elementor-size-default\"><span class=\"mark-red\">Para42<\/span> - En pocas palabras<\/h3>\t\t\t\t<\/div>\n\t\t\t\t<\/div>\n\t\t\t\t<div class=\"elementor-element elementor-element-72c0bf2 elementor-widget elementor-widget-text-editor\" data-id=\"72c0bf2\" data-element_type=\"widget\" data-widget_type=\"text-editor.default\">\n\t\t\t\t<div class=\"elementor-widget-container\">\n\t\t\t\t\t\t\t\t\t<p>Para42 se fund\u00f3 en 2008. A lo largo de los a\u00f1os, se ha formado una gran comunidad de pilotos de toda Europa y del mundo que aprecian las buenas condiciones de vuelo en Tenerife en invierno y comparten sus experiencias.<\/p><p>En 2023, a Martin se le ofreci\u00f3 continuar con Para42 y no tuvo que pensarlo mucho\u2026<\/p><p>Martin ha trabajado durante a\u00f1os como piloto de t\u00e1ndem profesional, gu\u00eda e instructor de parapente \u2013 est\u00e1 apasionado por ofrecer la mejor gu\u00eda posible en Tenerife.<\/p><p class=\"translation-block\">As\u00ed contin\u00faa la historia con vuelos fant\u00e1sticos en la temporada de invierno en Tenerife \u2014 Para42 sigue volando todos los d\u00edas de octubre a marzo, ofreciendo una gu\u00eda muy profesional y apasionada para los pilotos visitantes. Un <a href=\"https:\/\/para42.com\/es\/info\/team\/\" target=\"_self\">fant\u00e1stico nuevo equipo<\/a> tambi\u00e9n permite ampliar el servicio con entrenamiento en vuelo y vuelos biplaza instructivos. \u00a1Ya estamos deseando que llegue la pr\u00f3xima temporada 2025\/2026!<\/p>\t\t\t\t\t\t\t\t<\/div>\n\t\t\t\t<\/div>\n\t\t\t\t<\/div>\n\t\t\t\t\t<\/div>\n\t\t\t\t<\/div>\n\t\t\t\t<\/div>","protected":false},"excerpt":{"rendered":"<p>About Para42 Why Tenerife? The island is one of the places with the most flyable days for paragliders in the world. It has a great variety of flying sites, landscapes, climate zones, windward and leeward flying &#8211; and not to forget an ocean, the sun, good food and nice people. A paragliding paradise. We offer&#8230; [&hellip;]<\/p>","protected":false},"author":1,"featured_media":1411,"parent":279,"menu_order":0,"comment_status":"closed","ping_status":"closed","template":"","meta":{"footnotes":""},"class_list":["post-281","page","type-page","status-publish","has-post-thumbnail","hentry"],"_links":{"self":[{"href":"https:\/\/para42.com\/es\/wp-json\/wp\/v2\/pages\/281","targetHints":{"allow":["GET"]}}],"collection":[{"href":"https:\/\/para42.com\/es\/wp-json\/wp\/v2\/pages"}],"about":[{"href":"https:\/\/para42.com\/es\/wp-json\/wp\/v2\/types\/page"}],"author":[{"embeddable":true,"href":"https:\/\/para42.com\/es\/wp-json\/wp\/v2\/users\/1"}],"replies":[{"embeddable":true,"href":"https:\/\/para42.com\/es\/wp-json\/wp\/v2\/comments?post=281"}],"version-history":[{"count":121,"href":"https:\/\/para42.com\/es\/wp-json\/wp\/v2\/pages\/281\/revisions"}],"predecessor-version":[{"id":2325,"href":"https:\/\/para42.com\/es\/wp-json\/wp\/v2\/pages\/281\/revisions\/2325"}],"up":[{"embeddable":true,"href":"https:\/\/para42.com\/es\/wp-json\/wp\/v2\/pages\/279"}],"wp:featuredmedia":[{"embeddable":true,"href":"https:\/\/para42.com\/es\/wp-json\/wp\/v2\/media\/1411"}],"wp:attachment":[{"href":"https:\/\/para42.com\/es\/wp-json\/wp\/v2\/media?parent=281"}],"curies":[{"name":"wp","href":"https:\/\/api.w.org\/{rel}","templated":true}]}}