{"id":505,"date":"2025-07-03T13:20:17","date_gmt":"2025-07-03T13:20:17","guid":{"rendered":"https:\/\/wp.para42.com\/?page_id=505"},"modified":"2025-12-16T11:22:10","modified_gmt":"2025-12-16T11:22:10","slug":"accommodation","status":"publish","type":"page","link":"https:\/\/para42.com\/es\/info\/accommodation\/","title":{"rendered":"Alojamiento"},"content":{"rendered":"<div data-elementor-type=\"wp-page\" data-elementor-id=\"505\" class=\"elementor elementor-505\" data-elementor-post-type=\"page\">\n\t\t\t\t<div class=\"elementor-element elementor-element-ba423a9 e-flex e-con-boxed e-con e-parent\" data-id=\"ba423a9\" data-element_type=\"container\" data-settings=\"{&quot;background_background&quot;:&quot;classic&quot;}\">\n\t\t\t\t\t<div class=\"e-con-inner\">\n\t\t\t\t<div class=\"elementor-element elementor-element-1ef7115 elementor-widget elementor-widget-heading\" data-id=\"1ef7115\" data-element_type=\"widget\" data-widget_type=\"heading.default\">\n\t\t\t\t<div class=\"elementor-widget-container\">\n\t\t\t\t\t<h1 class=\"elementor-heading-title elementor-size-default\">Alojamiento\n<\/h1>\t\t\t\t<\/div>\n\t\t\t\t<\/div>\n\t\t\t\t\t<\/div>\n\t\t\t\t<\/div>\n\t\t<div class=\"elementor-element elementor-element-d121e29 e-flex e-con-boxed e-con e-parent\" data-id=\"d121e29\" data-element_type=\"container\">\n\t\t\t\t\t<div class=\"e-con-inner\">\n\t\t\t\t<div class=\"elementor-element elementor-element-4dc1ffb elementor-widget elementor-widget-image\" data-id=\"4dc1ffb\" data-element_type=\"widget\" data-widget_type=\"image.default\">\n\t\t\t\t<div class=\"elementor-widget-container\">\n\t\t\t\t\t\t\t\t\t\t\t\t\t\t\t<img fetchpriority=\"high\" decoding=\"async\" width=\"567\" height=\"567\" src=\"https:\/\/para42.com\/wp-content\/uploads\/2025\/07\/para42_logo.png\" class=\"attachment-large size-large wp-image-1071\" alt=\"\" srcset=\"https:\/\/para42.com\/wp-content\/uploads\/2025\/07\/para42_logo.png 567w, https:\/\/para42.com\/wp-content\/uploads\/2025\/07\/para42_logo-300x300.png 300w, https:\/\/para42.com\/wp-content\/uploads\/2025\/07\/para42_logo-150x150.png 150w, https:\/\/para42.com\/wp-content\/uploads\/2025\/07\/para42_logo-12x12.png 12w, https:\/\/para42.com\/wp-content\/uploads\/2025\/07\/para42_logo-100x100.png 100w\" sizes=\"(max-width: 567px) 100vw, 567px\" \/>\t\t\t\t\t\t\t\t\t\t\t\t\t\t\t<\/div>\n\t\t\t\t<\/div>\n\t\t\t\t\t<\/div>\n\t\t\t\t<\/div>\n\t\t<div class=\"elementor-element elementor-element-15221aa e-con-full e-flex e-con e-parent\" data-id=\"15221aa\" data-element_type=\"container\">\n\t\t<div class=\"elementor-element elementor-element-a94b5e2 e-flex e-con-boxed e-con e-child\" data-id=\"a94b5e2\" data-element_type=\"container\" data-settings=\"{&quot;background_background&quot;:&quot;classic&quot;}\">\n\t\t\t\t\t<div class=\"e-con-inner\">\n\t\t\t\t<div class=\"elementor-element elementor-element-857ff50 elementor-widget elementor-widget-heading\" data-id=\"857ff50\" data-element_type=\"widget\" data-widget_type=\"heading.default\">\n\t\t\t\t<div class=\"elementor-widget-container\">\n\t\t\t\t\t<h3 class=\"elementor-heading-title elementor-size-default translation-block\">Puedes volar con nosotros <span class=\"mark-red\">y reservar tu propio alojamiento<\/span><\/h3>\t\t\t\t<\/div>\n\t\t\t\t<\/div>\n\t\t\t\t<div class=\"elementor-element elementor-element-4aacf4c elementor-widget elementor-widget-text-editor\" data-id=\"4aacf4c\" data-element_type=\"widget\" data-widget_type=\"text-editor.default\">\n\t\t\t\t<div class=\"elementor-widget-container\">\n\t\t\t\t\t\t\t\t\t<p>Nos encontramos aqu\u00ed cada ma\u00f1ana para ir a volar, la hora exacta se decidir\u00e1 cada d\u00eda seg\u00fan el clima.<\/p><p>Normalmente volamos hasta el atardecer y te dejaremos en el mismo lugar despu\u00e9s del vuelo. Algunas zonas de aterrizaje y bares tambi\u00e9n est\u00e1n cerca del estacionamiento.<\/p>\t\t\t\t\t\t\t\t<\/div>\n\t\t\t\t<\/div>\n\t\t\t\t\t<\/div>\n\t\t\t\t<\/div>\n\t\t<div class=\"elementor-element elementor-element-a9f821c e-con-full e-flex e-con e-child\" data-id=\"a9f821c\" data-element_type=\"container\" data-settings=\"{&quot;background_background&quot;:&quot;classic&quot;}\">\n\t\t\t\t<div class=\"elementor-element elementor-element-1a65878 elementor-widget elementor-widget-google_maps\" data-id=\"1a65878\" data-element_type=\"widget\" data-widget_type=\"google_maps.default\">\n\t\t\t\t<div class=\"elementor-widget-container\">\n\t\t\t\t\t\t\t<div class=\"elementor-custom-embed\">\n\t\t\t<iframe loading=\"lazy\"\n\t\t\t\t\tsrc=\"https:\/\/maps.google.com\/maps?q=28%C2%B005%2756.3%22N%2016%C2%B045%2706.0%22W&#038;t=m&#038;z=17&#038;output=embed&#038;iwloc=near\"\n\t\t\t\t\ttitle=\"28\u00b005&#039;56.3&quot;N 16\u00b045&#039;06.0&quot;W\"\n\t\t\t\t\taria-label=\"28\u00b005&#039;56.3&quot;N 16\u00b045&#039;06.0&quot;W\"\n\t\t\t><\/iframe>\n\t\t<\/div>\n\t\t\t\t\t\t<\/div>\n\t\t\t\t<\/div>\n\t\t\t\t<\/div>\n\t\t\t\t<\/div>\n\t\t<div class=\"elementor-element elementor-element-7be0dcd e-con-full e-flex e-con e-parent\" data-id=\"7be0dcd\" data-element_type=\"container\">\n\t\t<div class=\"elementor-element elementor-element-3736c46 e-flex e-con-boxed e-con e-child\" data-id=\"3736c46\" data-element_type=\"container\" data-settings=\"{&quot;background_background&quot;:&quot;classic&quot;}\">\n\t\t\t\t\t<div class=\"e-con-inner\">\n\t\t\t\t<div class=\"elementor-element elementor-element-4343604 elementor-widget elementor-widget-heading\" data-id=\"4343604\" data-element_type=\"widget\" data-widget_type=\"heading.default\">\n\t\t\t\t<div class=\"elementor-widget-container\">\n\t\t\t\t\t<h3 class=\"elementor-heading-title elementor-size-default\">Hotel <span class=\"mark-red\"> Fonda Central<\/span>\n<\/h3>\t\t\t\t<\/div>\n\t\t\t\t<\/div>\n\t\t\t\t<div class=\"elementor-element elementor-element-d3fab28 elementor-widget elementor-widget-text-editor\" data-id=\"d3fab28\" data-element_type=\"widget\" data-widget_type=\"text-editor.default\">\n\t\t\t\t<div class=\"elementor-widget-container\">\n\t\t\t\t\t\t\t\t\t<p>Si reservas alojamiento con nosotros, ser\u00e1 en Fonda Central, ubicada en el centro de Adeje.<\/p><p>Te recogemos cada ma\u00f1ana en el hotel, la hora exacta se decidir\u00e1 cada d\u00eda seg\u00fan las condiciones meteorol\u00f3gicas.<\/p><p>Alrededor del atardecer te llevaremos de vuelta al hotel despu\u00e9s del vuelo. Una zona de aterrizaje tambi\u00e9n est\u00e1 a poca distancia a pie.<\/p>\t\t\t\t\t\t\t\t<\/div>\n\t\t\t\t<\/div>\n\t\t\t\t\t<\/div>\n\t\t\t\t<\/div>\n\t\t\t\t<\/div>\n\t\t<div class=\"elementor-element elementor-element-d2fd955 e-flex e-con-boxed e-con e-parent\" data-id=\"d2fd955\" data-element_type=\"container\" data-settings=\"{&quot;background_background&quot;:&quot;classic&quot;}\">\n\t\t\t\t\t<div class=\"e-con-inner\">\n\t\t<div class=\"elementor-element elementor-element-e7a71fc e-con-full e-flex e-con e-child\" data-id=\"e7a71fc\" data-element_type=\"container\">\n\t\t\t\t<\/div>\n\t\t\t\t\t<\/div>\n\t\t\t\t<\/div>\n\t\t<div class=\"elementor-element elementor-element-c8fb811 e-con-full e-flex e-con e-parent\" data-id=\"c8fb811\" data-element_type=\"container\">\n\t\t<div class=\"elementor-element elementor-element-0d6dd44 e-flex e-con-boxed e-con e-child\" data-id=\"0d6dd44\" data-element_type=\"container\" data-settings=\"{&quot;background_background&quot;:&quot;classic&quot;}\">\n\t\t\t\t\t<div class=\"e-con-inner\">\n\t\t\t\t<div class=\"elementor-element elementor-element-13a15fa elementor-widget elementor-widget-heading\" data-id=\"13a15fa\" data-element_type=\"widget\" data-widget_type=\"heading.default\">\n\t\t\t\t<div class=\"elementor-widget-container\">\n\t\t\t\t\t<h3 class=\"elementor-heading-title elementor-size-default translation-block\">Los siguientes precios son solo en <span class=\"mark-red\">un paquete con vuelo guiado:<\/span><\/h3>\t\t\t\t<\/div>\n\t\t\t\t<\/div>\n\t\t\t\t<div class=\"elementor-element elementor-element-baaf3b4 elementor-widget elementor-widget-text-editor\" data-id=\"baaf3b4\" data-element_type=\"widget\" data-widget_type=\"text-editor.default\">\n\t\t\t\t<div class=\"elementor-widget-container\">\n\t\t\t\t\t\t\t\t\t<p><strong>Habitaciones confort (por noche)<\/strong><\/p><p>49 \u20ac habitaci\u00f3n individual<br \/>73 \u20ac habitaci\u00f3n doble<\/p><p>61 \u20ac habitaci\u00f3n individual con desayuno incluido<br \/>86 \u20ac habitaci\u00f3n doble con desayuno incluido<\/p><p><strong>Habitaciones premium (por noche)<\/strong><\/p><p>105 \u20ac habitaci\u00f3n individual (desayuno incluido)<br \/>160 \u20ac habitaci\u00f3n doble (desayuno incluido)<br \/><br \/>Todas las habitaciones tienen ba\u00f1o privado. Hay muchos bares y restaurantes cerca del hotel.<\/p>\t\t\t\t\t\t\t\t<\/div>\n\t\t\t\t<\/div>\n\t\t\t\t\t<\/div>\n\t\t\t\t<\/div>\n\t\t\t\t<\/div>\n\t\t<div class=\"elementor-element elementor-element-db1441b e-flex e-con-boxed e-con e-parent\" data-id=\"db1441b\" data-element_type=\"container\" data-settings=\"{&quot;background_background&quot;:&quot;classic&quot;}\">\n\t\t\t\t\t<div class=\"e-con-inner\">\n\t\t<div class=\"elementor-element elementor-element-e93d10a e-con-full e-flex e-con e-child\" data-id=\"e93d10a\" data-element_type=\"container\">\n\t\t\t\t<\/div>\n\t\t\t\t\t<\/div>\n\t\t\t\t<\/div>\n\t\t<div class=\"elementor-element elementor-element-fc8f7ad e-con-full e-flex e-con e-parent\" data-id=\"fc8f7ad\" data-element_type=\"container\">\n\t\t<div class=\"elementor-element elementor-element-1e4468b e-flex e-con-boxed e-con e-child\" data-id=\"1e4468b\" data-element_type=\"container\" data-settings=\"{&quot;background_background&quot;:&quot;classic&quot;}\">\n\t\t\t\t\t<div class=\"e-con-inner\">\n\t\t\t\t<div class=\"elementor-element elementor-element-0bb06dd elementor-widget elementor-widget-heading\" data-id=\"0bb06dd\" data-element_type=\"widget\" data-widget_type=\"heading.default\">\n\t\t\t\t<div class=\"elementor-widget-container\">\n\t\t\t\t\t<h3 class=\"elementor-heading-title elementor-size-default\">C\u00f3mo llegar\n<\/h3>\t\t\t\t<\/div>\n\t\t\t\t<\/div>\n\t\t\t\t<div class=\"elementor-element elementor-element-459802a elementor-widget elementor-widget-text-editor\" data-id=\"459802a\" data-element_type=\"widget\" data-widget_type=\"text-editor.default\">\n\t\t\t\t<div class=\"elementor-widget-container\">\n\t\t\t\t\t\t\t\t\t<p>La forma m\u00e1s f\u00e1cil de llegar desde el aeropuerto TFS es en taxi, tarda aproximadamente 25 minutos.<\/p><p>En autob\u00fas tarda entre 50 y 60 minutos, salen cada media hora desde el aeropuerto TFS.<\/p>\t\t\t\t\t\t\t\t<\/div>\n\t\t\t\t<\/div>\n\t\t\t\t\t<\/div>\n\t\t\t\t<\/div>\n\t\t<div class=\"elementor-element elementor-element-420f161 e-con-full e-flex e-con e-child\" data-id=\"420f161\" data-element_type=\"container\" data-settings=\"{&quot;background_background&quot;:&quot;classic&quot;}\">\n\t\t\t\t<div class=\"elementor-element elementor-element-0e28fe1 elementor-widget elementor-widget-google_maps\" data-id=\"0e28fe1\" data-element_type=\"widget\" data-widget_type=\"google_maps.default\">\n\t\t\t\t<div class=\"elementor-widget-container\">\n\t\t\t\t\t\t\t<div class=\"elementor-custom-embed\">\n\t\t\t<iframe loading=\"lazy\"\n\t\t\t\t\tsrc=\"https:\/\/maps.google.com\/maps?q=C.%20Grande%2C%2026%2C%2038670%20Adeje%2C%20Santa%20Cruz%20de%20Tenerife%2C%20Spain&#038;t=m&#038;z=17&#038;output=embed&#038;iwloc=near\"\n\t\t\t\t\ttitle=\"C. Grande, 26, 38670 Adeje, Santa Cruz de Tenerife, Spain\"\n\t\t\t\t\taria-label=\"C. Grande, 26, 38670 Adeje, Santa Cruz de Tenerife, Spain\"\n\t\t\t><\/iframe>\n\t\t<\/div>\n\t\t\t\t\t\t<\/div>\n\t\t\t\t<\/div>\n\t\t\t\t<\/div>\n\t\t\t\t<\/div>\n\t\t\t\t<\/div>","protected":false},"excerpt":{"rendered":"<p>Accommodation You can fly with us and book your own accommodation We meet here each morning to go flying, the exact time will be set each day before depending on weather. We usually fly until sunset and will drop you off at the same spot after flying. Some landing zones and bars are also near [&hellip;]<\/p>","protected":false},"author":1,"featured_media":1411,"parent":279,"menu_order":0,"comment_status":"closed","ping_status":"closed","template":"","meta":{"footnotes":""},"class_list":["post-505","page","type-page","status-publish","has-post-thumbnail","hentry"],"_links":{"self":[{"href":"https:\/\/para42.com\/es\/wp-json\/wp\/v2\/pages\/505","targetHints":{"allow":["GET"]}}],"collection":[{"href":"https:\/\/para42.com\/es\/wp-json\/wp\/v2\/pages"}],"about":[{"href":"https:\/\/para42.com\/es\/wp-json\/wp\/v2\/types\/page"}],"author":[{"embeddable":true,"href":"https:\/\/para42.com\/es\/wp-json\/wp\/v2\/users\/1"}],"replies":[{"embeddable":true,"href":"https:\/\/para42.com\/es\/wp-json\/wp\/v2\/comments?post=505"}],"version-history":[{"count":31,"href":"https:\/\/para42.com\/es\/wp-json\/wp\/v2\/pages\/505\/revisions"}],"predecessor-version":[{"id":2331,"href":"https:\/\/para42.com\/es\/wp-json\/wp\/v2\/pages\/505\/revisions\/2331"}],"up":[{"embeddable":true,"href":"https:\/\/para42.com\/es\/wp-json\/wp\/v2\/pages\/279"}],"wp:featuredmedia":[{"embeddable":true,"href":"https:\/\/para42.com\/es\/wp-json\/wp\/v2\/media\/1411"}],"wp:attachment":[{"href":"https:\/\/para42.com\/es\/wp-json\/wp\/v2\/media?parent=505"}],"curies":[{"name":"wp","href":"https:\/\/api.w.org\/{rel}","templated":true}]}}