{"id":281,"date":"2025-06-16T10:50:52","date_gmt":"2025-06-16T10:50:52","guid":{"rendered":"https:\/\/wp.para42.com\/?page_id=281"},"modified":"2025-12-16T11:20:58","modified_gmt":"2025-12-16T11:20:58","slug":"about","status":"publish","type":"page","link":"https:\/\/para42.com\/fr\/info\/about\/","title":{"rendered":"\u00c0 propos de"},"content":{"rendered":"<div data-elementor-type=\"wp-page\" data-elementor-id=\"281\" class=\"elementor elementor-281\" data-elementor-post-type=\"page\">\n\t\t\t\t<div class=\"elementor-element elementor-element-cc139f9 e-flex e-con-boxed e-con e-parent\" data-id=\"cc139f9\" data-element_type=\"container\" data-settings=\"{&quot;background_background&quot;:&quot;classic&quot;}\">\n\t\t\t\t\t<div class=\"e-con-inner\">\n\t\t\t\t<div class=\"elementor-element elementor-element-7f84d81 elementor-widget elementor-widget-heading\" data-id=\"7f84d81\" data-element_type=\"widget\" data-widget_type=\"heading.default\">\n\t\t\t\t<div class=\"elementor-widget-container\">\n\t\t\t\t\t<h1 class=\"elementor-heading-title elementor-size-default\"><b>\u00c0 propos de<\/b> Para42<\/h1>\t\t\t\t<\/div>\n\t\t\t\t<\/div>\n\t\t\t\t\t<\/div>\n\t\t\t\t<\/div>\n\t\t<div class=\"elementor-element elementor-element-ecc41e5 e-flex e-con-boxed e-con e-parent\" data-id=\"ecc41e5\" data-element_type=\"container\">\n\t\t\t\t\t<div class=\"e-con-inner\">\n\t\t\t\t<div class=\"elementor-element elementor-element-27cb9b2 elementor-widget elementor-widget-image\" data-id=\"27cb9b2\" data-element_type=\"widget\" data-widget_type=\"image.default\">\n\t\t\t\t<div class=\"elementor-widget-container\">\n\t\t\t\t\t\t\t\t\t\t\t\t\t\t\t<img fetchpriority=\"high\" decoding=\"async\" width=\"567\" height=\"567\" src=\"https:\/\/para42.com\/wp-content\/uploads\/2025\/07\/para42_logo.png\" class=\"attachment-large size-large wp-image-1071\" alt=\"\" srcset=\"https:\/\/para42.com\/wp-content\/uploads\/2025\/07\/para42_logo.png 567w, https:\/\/para42.com\/wp-content\/uploads\/2025\/07\/para42_logo-300x300.png 300w, https:\/\/para42.com\/wp-content\/uploads\/2025\/07\/para42_logo-150x150.png 150w, https:\/\/para42.com\/wp-content\/uploads\/2025\/07\/para42_logo-12x12.png 12w, https:\/\/para42.com\/wp-content\/uploads\/2025\/07\/para42_logo-100x100.png 100w\" sizes=\"(max-width: 567px) 100vw, 567px\" \/>\t\t\t\t\t\t\t\t\t\t\t\t\t\t\t<\/div>\n\t\t\t\t<\/div>\n\t\t\t\t\t<\/div>\n\t\t\t\t<\/div>\n\t\t<div class=\"elementor-element elementor-element-979785e e-flex e-con-boxed e-con e-parent\" data-id=\"979785e\" data-element_type=\"container\" data-settings=\"{&quot;background_background&quot;:&quot;classic&quot;}\">\n\t\t\t\t\t<div class=\"e-con-inner\">\n\t\t<div class=\"elementor-element elementor-element-7d37aac e-con-full e-flex e-con e-child\" data-id=\"7d37aac\" data-element_type=\"container\">\n\t\t\t\t<div class=\"elementor-element elementor-element-071fe3e elementor-widget elementor-widget-heading\" data-id=\"071fe3e\" data-element_type=\"widget\" data-widget_type=\"heading.default\">\n\t\t\t\t<div class=\"elementor-widget-container\">\n\t\t\t\t\t<h3 class=\"elementor-heading-title elementor-size-default translation-block\">Pourquoi <span class=\"mark-red\">T\u00e9n\u00e9rife?<\/span><\/h3>\t\t\t\t<\/div>\n\t\t\t\t<\/div>\n\t\t\t\t<div class=\"elementor-element elementor-element-18a046c elementor-widget elementor-widget-text-editor\" data-id=\"18a046c\" data-element_type=\"widget\" data-widget_type=\"text-editor.default\">\n\t\t\t\t<div class=\"elementor-widget-container\">\n\t\t\t\t\t\t\t\t\t<p>L'\u00eele est l'un des endroits avec le plus grand nombre de journ\u00e9es de vol pour les parapentistes au monde. Il offre une grande vari\u00e9t\u00e9 de sites de vol, de paysages, de zones climatiques, de vols au vent et sous le vent - sans oublier l'oc\u00e9an, le soleil, la bonne nourriture et les gens sympas. Un paradis du parapente.<\/p>\t\t\t\t\t\t\t\t<\/div>\n\t\t\t\t<\/div>\n\t\t\t\t<\/div>\n\t\t\t\t\t<\/div>\n\t\t\t\t<\/div>\n\t\t<div class=\"elementor-element elementor-element-d7d50f2 e-flex e-con-boxed e-con e-parent\" data-id=\"d7d50f2\" data-element_type=\"container\" data-settings=\"{&quot;background_background&quot;:&quot;classic&quot;}\">\n\t\t\t\t\t<div class=\"e-con-inner\">\n\t\t<div class=\"elementor-element elementor-element-42aaa81 e-con-full e-flex e-con e-child\" data-id=\"42aaa81\" data-element_type=\"container\">\n\t\t\t\t<\/div>\n\t\t\t\t\t<\/div>\n\t\t\t\t<\/div>\n\t\t<div class=\"elementor-element elementor-element-140ead2 e-flex e-con-boxed e-con e-parent\" data-id=\"140ead2\" data-element_type=\"container\" data-settings=\"{&quot;background_background&quot;:&quot;classic&quot;}\">\n\t\t\t\t\t<div class=\"e-con-inner\">\n\t\t<div class=\"elementor-element elementor-element-df90951 e-con-full e-flex e-con e-child\" data-id=\"df90951\" data-element_type=\"container\">\n\t\t\t\t<div class=\"elementor-element elementor-element-31f0f2f elementor-widget elementor-widget-heading\" data-id=\"31f0f2f\" data-element_type=\"widget\" data-widget_type=\"heading.default\">\n\t\t\t\t<div class=\"elementor-widget-container\">\n\t\t\t\t\t<h3 class=\"elementor-heading-title elementor-size-default\">Nous offrons...\n<\/h3>\t\t\t\t<\/div>\n\t\t\t\t<\/div>\n\t\t\t\t<div class=\"elementor-element elementor-element-b77e406 elementor-widget elementor-widget-text-editor\" data-id=\"b77e406\" data-element_type=\"widget\" data-widget_type=\"text-editor.default\">\n\t\t\t\t<div class=\"elementor-widget-container\">\n\t\t\t\t\t\t\t\t\t<p>... vols guid\u00e9s hautement professionnels en hiver \u00e0 Tenerife, tous les jours d'octobre \u00e0 mars - pour les pilotes de parapente interm\u00e9diaires \u00e0 avanc\u00e9s. Notre service comprend tous les briefings de transport, m\u00e9t\u00e9o, site et XC.<\/p><p>Nous voulons rendre ton voyage aussi agr\u00e9able et s\u00fbr que possible. Nous voulons \u00e9galement que tu sois au bon endroit, au bon moment, pour tirer le meilleur parti de chaque journ\u00e9e.<\/p><p>Habituellement, nous nous retrouvons vers 10 heures du matin et volons jusqu'au coucher du soleil - sur toute l'\u00eele en fonction des conditions m\u00e9t\u00e9orologiques.<\/p><p>Notre tarif journalier par pilote est \u00e0 partir de 70\u20ac, nous proposons \u00e9galement en option un forfait avec h\u00e9bergement avec une zone d'atterrissage \u00e0 proximit\u00e9, \u00e0 partir de 49\u20ac par nuit.<\/p>\t\t\t\t\t\t\t\t<\/div>\n\t\t\t\t<\/div>\n\t\t\t\t<div class=\"elementor-element elementor-element-8282a10 elementor-align-left elementor-mobile-align-center elementor-widget elementor-widget-button\" data-id=\"8282a10\" data-element_type=\"widget\" data-widget_type=\"button.default\">\n\t\t\t\t<div class=\"elementor-widget-container\">\n\t\t\t\t\t\t\t\t\t<div class=\"elementor-button-wrapper\">\n\t\t\t\t\t<a class=\"elementor-button elementor-button-link elementor-size-sm\" href=\"https:\/\/para42.com\/fr\/booking\/request\/\">\n\t\t\t\t\t\t<span class=\"elementor-button-content-wrapper\">\n\t\t\t\t\t\t\t\t\t<span class=\"elementor-button-text\">R\u00e9serve avec nous<\/span>\n\t\t\t\t\t<\/span>\n\t\t\t\t\t<\/a>\n\t\t\t\t<\/div>\n\t\t\t\t\t\t\t\t<\/div>\n\t\t\t\t<\/div>\n\t\t\t\t<\/div>\n\t\t\t\t\t<\/div>\n\t\t\t\t<\/div>\n\t\t<div class=\"elementor-element elementor-element-4b112f6 e-flex e-con-boxed e-con e-parent\" data-id=\"4b112f6\" data-element_type=\"container\" data-settings=\"{&quot;background_background&quot;:&quot;classic&quot;}\">\n\t\t\t\t\t<div class=\"e-con-inner\">\n\t\t<div class=\"elementor-element elementor-element-987b44b e-con-full e-flex e-con e-child\" data-id=\"987b44b\" data-element_type=\"container\">\n\t\t\t\t<\/div>\n\t\t\t\t\t<\/div>\n\t\t\t\t<\/div>\n\t\t<div class=\"elementor-element elementor-element-d1fc201 e-flex e-con-boxed e-con e-parent\" data-id=\"d1fc201\" data-element_type=\"container\" data-settings=\"{&quot;background_background&quot;:&quot;classic&quot;}\">\n\t\t\t\t\t<div class=\"e-con-inner\">\n\t\t<div class=\"elementor-element elementor-element-573c35e e-con-full e-flex e-con e-child\" data-id=\"573c35e\" data-element_type=\"container\">\n\t\t\t\t<div class=\"elementor-element elementor-element-b697c26 elementor-widget elementor-widget-heading\" data-id=\"b697c26\" data-element_type=\"widget\" data-widget_type=\"heading.default\">\n\t\t\t\t<div class=\"elementor-widget-container\">\n\t\t\t\t\t<h3 class=\"elementor-heading-title elementor-size-default\"><span class=\"mark-red\">Para42<\/span> - En bref<\/h3>\t\t\t\t<\/div>\n\t\t\t\t<\/div>\n\t\t\t\t<div class=\"elementor-element elementor-element-72c0bf2 elementor-widget elementor-widget-text-editor\" data-id=\"72c0bf2\" data-element_type=\"widget\" data-widget_type=\"text-editor.default\">\n\t\t\t\t<div class=\"elementor-widget-container\">\n\t\t\t\t\t\t\t\t\t<p>Para42 a \u00e9t\u00e9 fond\u00e9e en 2008. Au fil des ann\u00e9es, une grande communaut\u00e9 de pilotes venus de toute l'Europe et du monde entier s'est form\u00e9e, appr\u00e9ciant les bonnes conditions de vol \u00e0 T\u00e9n\u00e9rife en hiver et partageant leurs exp\u00e9riences.<\/p><p>En 2023, Martin s'est vu proposer de continuer avec Para42 et n'a pas eu \u00e0 y r\u00e9fl\u00e9chir longtemps...<\/p><p>Martin travaille depuis des ann\u00e9es en tant que pilote tandem professionnel, guide et instructeur de parapente. Offrir le meilleur guidage possible \u00e0 Tenerife est son but, pour toi.<\/p><p class=\"translation-block\">Ainsi, la possibilit\u00e9 de faire des vols inoubliables en hiver \u00e0 Tenerife suit son cours. Para42 vole tous les jours d'octobre \u00e0 mars, offrant un guidage hautement professionnel et passionn\u00e9 aux pilotes en visite. Une <a href=\"https:\/\/para42.com\/fr\/info\/team\/\" target=\"_self\">nouvelle \u00e9quipe fantastique<\/a> permet \u00e9galement d'\u00e9tendre le service au coaching en vol et aux vols tandem p\u00e9dagogiques. J'ai h\u00e2te que la saison 2025\/2026 commence !<\/p>\t\t\t\t\t\t\t\t<\/div>\n\t\t\t\t<\/div>\n\t\t\t\t<\/div>\n\t\t\t\t\t<\/div>\n\t\t\t\t<\/div>\n\t\t\t\t<\/div>","protected":false},"excerpt":{"rendered":"<p>About Para42 Why Tenerife? The island is one of the places with the most flyable days for paragliders in the world. It has a great variety of flying sites, landscapes, climate zones, windward and leeward flying &#8211; and not to forget an ocean, the sun, good food and nice people. A paragliding paradise. We offer&#8230; [&hellip;]<\/p>","protected":false},"author":1,"featured_media":1411,"parent":279,"menu_order":0,"comment_status":"closed","ping_status":"closed","template":"","meta":{"footnotes":""},"class_list":["post-281","page","type-page","status-publish","has-post-thumbnail","hentry"],"_links":{"self":[{"href":"https:\/\/para42.com\/fr\/wp-json\/wp\/v2\/pages\/281","targetHints":{"allow":["GET"]}}],"collection":[{"href":"https:\/\/para42.com\/fr\/wp-json\/wp\/v2\/pages"}],"about":[{"href":"https:\/\/para42.com\/fr\/wp-json\/wp\/v2\/types\/page"}],"author":[{"embeddable":true,"href":"https:\/\/para42.com\/fr\/wp-json\/wp\/v2\/users\/1"}],"replies":[{"embeddable":true,"href":"https:\/\/para42.com\/fr\/wp-json\/wp\/v2\/comments?post=281"}],"version-history":[{"count":121,"href":"https:\/\/para42.com\/fr\/wp-json\/wp\/v2\/pages\/281\/revisions"}],"predecessor-version":[{"id":2325,"href":"https:\/\/para42.com\/fr\/wp-json\/wp\/v2\/pages\/281\/revisions\/2325"}],"up":[{"embeddable":true,"href":"https:\/\/para42.com\/fr\/wp-json\/wp\/v2\/pages\/279"}],"wp:featuredmedia":[{"embeddable":true,"href":"https:\/\/para42.com\/fr\/wp-json\/wp\/v2\/media\/1411"}],"wp:attachment":[{"href":"https:\/\/para42.com\/fr\/wp-json\/wp\/v2\/media?parent=281"}],"curies":[{"name":"wp","href":"https:\/\/api.w.org\/{rel}","templated":true}]}}