{"id":458,"date":"2025-07-02T11:10:18","date_gmt":"2025-07-02T11:10:18","guid":{"rendered":"https:\/\/wp.para42.com\/?page_id=458"},"modified":"2026-03-22T10:27:17","modified_gmt":"2026-03-22T10:27:17","slug":"team","status":"publish","type":"page","link":"https:\/\/para42.com\/fr\/info\/team\/","title":{"rendered":"\u00c9quipe"},"content":{"rendered":"<div data-elementor-type=\"wp-page\" data-elementor-id=\"458\" class=\"elementor elementor-458\" data-elementor-post-type=\"page\">\n\t\t\t\t<div class=\"elementor-element elementor-element-8fb8423 e-flex e-con-boxed e-con e-parent\" data-id=\"8fb8423\" data-element_type=\"container\" data-settings=\"{&quot;background_background&quot;:&quot;classic&quot;}\">\n\t\t\t\t\t<div class=\"e-con-inner\">\n\t\t\t\t<div class=\"elementor-element elementor-element-fec2754 elementor-widget elementor-widget-heading\" data-id=\"fec2754\" data-element_type=\"widget\" data-widget_type=\"heading.default\">\n\t\t\t\t<div class=\"elementor-widget-container\">\n\t\t\t\t\t<h1 class=\"elementor-heading-title elementor-size-default\">Para42 <b>\u00c9quipe<\/b><\/h1>\t\t\t\t<\/div>\n\t\t\t\t<\/div>\n\t\t\t\t\t<\/div>\n\t\t\t\t<\/div>\n\t\t<div class=\"elementor-element elementor-element-3324311 e-flex e-con-boxed e-con e-parent\" data-id=\"3324311\" data-element_type=\"container\">\n\t\t\t\t\t<div class=\"e-con-inner\">\n\t\t\t\t<div class=\"elementor-element elementor-element-eae3d09 elementor-widget elementor-widget-image\" data-id=\"eae3d09\" data-element_type=\"widget\" data-widget_type=\"image.default\">\n\t\t\t\t<div class=\"elementor-widget-container\">\n\t\t\t\t\t\t\t\t\t\t\t\t\t\t\t<img fetchpriority=\"high\" decoding=\"async\" width=\"567\" height=\"567\" src=\"https:\/\/para42.com\/wp-content\/uploads\/2025\/07\/para42_logo.png\" class=\"attachment-large size-large wp-image-1071\" alt=\"\" srcset=\"https:\/\/para42.com\/wp-content\/uploads\/2025\/07\/para42_logo.png 567w, https:\/\/para42.com\/wp-content\/uploads\/2025\/07\/para42_logo-300x300.png 300w, https:\/\/para42.com\/wp-content\/uploads\/2025\/07\/para42_logo-150x150.png 150w, https:\/\/para42.com\/wp-content\/uploads\/2025\/07\/para42_logo-12x12.png 12w, https:\/\/para42.com\/wp-content\/uploads\/2025\/07\/para42_logo-100x100.png 100w\" sizes=\"(max-width: 567px) 100vw, 567px\" \/>\t\t\t\t\t\t\t\t\t\t\t\t\t\t\t<\/div>\n\t\t\t\t<\/div>\n\t\t\t\t\t<\/div>\n\t\t\t\t<\/div>\n\t\t<div class=\"elementor-element elementor-element-77350f3 e-flex e-con-boxed e-con e-parent\" data-id=\"77350f3\" data-element_type=\"container\" data-settings=\"{&quot;background_background&quot;:&quot;classic&quot;}\">\n\t\t\t\t\t<div class=\"e-con-inner\">\n\t\t<div class=\"elementor-element elementor-element-2ef0a29 e-con-full e-flex e-con e-child\" data-id=\"2ef0a29\" data-element_type=\"container\">\n\t\t\t\t<div class=\"elementor-element elementor-element-6c75946 elementor-widget elementor-widget-heading\" data-id=\"6c75946\" data-element_type=\"widget\" data-widget_type=\"heading.default\">\n\t\t\t\t<div class=\"elementor-widget-container\">\n\t\t\t\t\t<h3 class=\"elementor-heading-title elementor-size-default translation-block\">Rencontre l'\u00e9quipe <span class=\"mark-red\">Para42 <\/span><\/h3>\t\t\t\t<\/div>\n\t\t\t\t<\/div>\n\t\t\t\t<div class=\"elementor-element elementor-element-18e442b elementor-widget elementor-widget-text-editor\" data-id=\"18e442b\" data-element_type=\"widget\" data-widget_type=\"text-editor.default\">\n\t\t\t\t<div class=\"elementor-widget-container\">\n\t\t\t\t\t\t\t\t\t<p>Nous sommes tous des pilotes de parapente passionn\u00e9s et nous nous effor\u00e7ons de rendre ton voyage aussi agr\u00e9able et s\u00fbr que possible. Rejoins-nous sur Tenerife la magique ! Comme nous sommes experts de la m\u00e9t\u00e9o de l'\u00eele et de tous les sites de vol, nous voulons que tu sois au bon endroit au bon moment.<\/p><p>Nous parlons anglais, espagnol, allemand, n\u00e9erlandais, fran\u00e7ais et italien.<\/p>\t\t\t\t\t\t\t\t<\/div>\n\t\t\t\t<\/div>\n\t\t\t\t<\/div>\n\t\t\t\t\t<\/div>\n\t\t\t\t<\/div>\n\t\t<div class=\"elementor-element elementor-element-631424b e-flex e-con-boxed e-con e-parent\" data-id=\"631424b\" data-element_type=\"container\" data-settings=\"{&quot;background_background&quot;:&quot;classic&quot;}\">\n\t\t\t\t\t<div class=\"e-con-inner\">\n\t\t<div class=\"elementor-element elementor-element-36c4f6e e-con-full e-flex e-con e-child\" data-id=\"36c4f6e\" data-element_type=\"container\">\n\t\t\t\t<div class=\"elementor-element elementor-element-46804a5 elementor-position-top elementor-widget elementor-widget-image-box\" data-id=\"46804a5\" data-element_type=\"widget\" data-widget_type=\"image-box.default\">\n\t\t\t\t<div class=\"elementor-widget-container\">\n\t\t\t\t\t<div class=\"elementor-image-box-wrapper\"><figure class=\"elementor-image-box-img\"><img decoding=\"async\" src=\"https:\/\/para42.com\/wp-content\/uploads\/elementor\/thumbs\/martin-r85x0my62ij8lfj0m3lufxz3tivayhjoxzqsg9vpl0.jpg\" title=\"martin\" alt=\"martin\" loading=\"lazy\" \/><\/figure><div class=\"elementor-image-box-content\"><h4 class=\"elementor-image-box-title\">Martin Stieber<\/h4><p class=\"elementor-image-box-description\">Propri\u00e9taire, Guide, Instructeur, DHV Sky Performance Trainer et examinateur, Pilote de tandem<\/p><\/div><\/div>\t\t\t\t<\/div>\n\t\t\t\t<\/div>\n\t\t\t\t<\/div>\n\t\t<div class=\"elementor-element elementor-element-1b64a34 e-con-full e-flex e-con e-child\" data-id=\"1b64a34\" data-element_type=\"container\">\n\t\t\t\t<div class=\"elementor-element elementor-element-ee81d18 elementor-position-top elementor-widget elementor-widget-image-box\" data-id=\"ee81d18\" data-element_type=\"widget\" data-widget_type=\"image-box.default\">\n\t\t\t\t<div class=\"elementor-widget-container\">\n\t\t\t\t\t<div class=\"elementor-image-box-wrapper\"><figure class=\"elementor-image-box-img\"><img decoding=\"async\" src=\"https:\/\/para42.com\/wp-content\/uploads\/elementor\/thumbs\/Daniel-scaled-rcnxyuc26pth9uuknsj9gnmkujlboc84p7kynh8oqs.jpg\" title=\"Daniel\" alt=\"Daniel\" loading=\"lazy\" \/><\/figure><div class=\"elementor-image-box-content\"><h4 class=\"elementor-image-box-title\">Daniel Tomaschek<\/h4><p class=\"elementor-image-box-description\">Guide, Instructeur, Entra\u00eeneur SIV, Pilote de tandem<\/p><\/div><\/div>\t\t\t\t<\/div>\n\t\t\t\t<\/div>\n\t\t\t\t<\/div>\n\t\t<div class=\"elementor-element elementor-element-98427d0 e-con-full e-flex e-con e-child\" data-id=\"98427d0\" data-element_type=\"container\">\n\t\t\t\t<div class=\"elementor-element elementor-element-b01c2f1 elementor-position-top elementor-widget elementor-widget-image-box\" data-id=\"b01c2f1\" data-element_type=\"widget\" data-widget_type=\"image-box.default\">\n\t\t\t\t<div class=\"elementor-widget-container\">\n\t\t\t\t\t<div class=\"elementor-image-box-wrapper\"><figure class=\"elementor-image-box-img\"><img decoding=\"async\" src=\"https:\/\/para42.com\/wp-content\/uploads\/elementor\/thumbs\/Youri-rcnxqlb272ivd2u0u855kqkx4s9c3zgy8dfj01h3d0.jpeg\" title=\"Youri\" alt=\"Youri\" loading=\"lazy\" \/><\/figure><div class=\"elementor-image-box-content\"><h4 class=\"elementor-image-box-title\">Youri Streefkerk<\/h4><p class=\"elementor-image-box-description\">Guide, Pilote de tandem<\/p><\/div><\/div>\t\t\t\t<\/div>\n\t\t\t\t<\/div>\n\t\t\t\t<\/div>\n\t\t<div class=\"elementor-element elementor-element-8f83de4 e-con-full e-flex e-con e-child\" data-id=\"8f83de4\" data-element_type=\"container\">\n\t\t\t\t<div class=\"elementor-element elementor-element-d840328 elementor-position-top elementor-widget elementor-widget-image-box\" data-id=\"d840328\" data-element_type=\"widget\" data-widget_type=\"image-box.default\">\n\t\t\t\t<div class=\"elementor-widget-container\">\n\t\t\t\t\t<div class=\"elementor-image-box-wrapper\"><figure class=\"elementor-image-box-img\"><img decoding=\"async\" src=\"https:\/\/para42.com\/wp-content\/uploads\/elementor\/thumbs\/clemens-r85x8wx08zv4tti7a6ekwcs84o2nqjelqyjpkzlwsk.jpg\" title=\"clemens\" alt=\"clemens\" loading=\"lazy\" \/><\/figure><div class=\"elementor-image-box-content\"><h4 class=\"elementor-image-box-title\">Clemens Lehner<\/h4><p class=\"elementor-image-box-description\">Guide, Instructeur, Pilote de tandem<\/p><\/div><\/div>\t\t\t\t<\/div>\n\t\t\t\t<\/div>\n\t\t\t\t<\/div>\n\t\t\t\t\t<\/div>\n\t\t\t\t<\/div>\n\t\t<div class=\"elementor-element elementor-element-234c348 e-flex e-con-boxed e-con e-parent\" data-id=\"234c348\" data-element_type=\"container\" data-settings=\"{&quot;background_background&quot;:&quot;classic&quot;}\">\n\t\t\t\t\t<div class=\"e-con-inner\">\n\t\t<div class=\"elementor-element elementor-element-e094efa e-con-full e-flex e-con e-child\" data-id=\"e094efa\" data-element_type=\"container\">\n\t\t\t\t<div class=\"elementor-element elementor-element-80389ae elementor-position-top elementor-widget elementor-widget-image-box\" data-id=\"80389ae\" data-element_type=\"widget\" data-widget_type=\"image-box.default\">\n\t\t\t\t<div class=\"elementor-widget-container\">\n\t\t\t\t\t<div class=\"elementor-image-box-wrapper\"><figure class=\"elementor-image-box-img\"><img decoding=\"async\" src=\"https:\/\/para42.com\/wp-content\/uploads\/elementor\/thumbs\/peter-r85x8hvl7najo241pzwjsgkumi4sbdqwcw3xwk87k4.jpeg\" title=\"peter\" alt=\"peter\" loading=\"lazy\" \/><\/figure><div class=\"elementor-image-box-content\"><h4 class=\"elementor-image-box-title\">Peter Auer<\/h4><p class=\"elementor-image-box-description\">Guide, Instructeur, Pilote de tandem<\/p><\/div><\/div>\t\t\t\t<\/div>\n\t\t\t\t<\/div>\n\t\t\t\t<\/div>\n\t\t<div class=\"elementor-element elementor-element-628316e e-con-full e-flex e-con e-child\" data-id=\"628316e\" data-element_type=\"container\">\n\t\t\t\t<div class=\"elementor-element elementor-element-ef3f6de elementor-position-top elementor-widget elementor-widget-image-box\" data-id=\"ef3f6de\" data-element_type=\"widget\" data-widget_type=\"image-box.default\">\n\t\t\t\t<div class=\"elementor-widget-container\">\n\t\t\t\t\t<div class=\"elementor-image-box-wrapper\"><figure class=\"elementor-image-box-img\"><img decoding=\"async\" src=\"https:\/\/para42.com\/wp-content\/uploads\/elementor\/thumbs\/Sanne-rcnxxk9yvu2fgyph4qmjkh8zqnwc765a6vm64x4z7o.jpeg\" title=\"Sanne\" alt=\"Sanne\" loading=\"lazy\" \/><\/figure><div class=\"elementor-image-box-content\"><h4 class=\"elementor-image-box-title\">Sanne Schouwenburg<\/h4><p class=\"elementor-image-box-description\">Guide, Pilote de tandem<\/p><\/div><\/div>\t\t\t\t<\/div>\n\t\t\t\t<\/div>\n\t\t\t\t<\/div>\n\t\t<div class=\"elementor-element elementor-element-a254b43 e-con-full e-flex e-con e-child\" data-id=\"a254b43\" data-element_type=\"container\">\n\t\t\t\t<div class=\"elementor-element elementor-element-b429550 elementor-position-top elementor-widget elementor-widget-image-box\" data-id=\"b429550\" data-element_type=\"widget\" data-widget_type=\"image-box.default\">\n\t\t\t\t<div class=\"elementor-widget-container\">\n\t\t\t\t\t<div class=\"elementor-image-box-wrapper\"><figure class=\"elementor-image-box-img\"><img decoding=\"async\" src=\"https:\/\/para42.com\/wp-content\/uploads\/elementor\/thumbs\/gerhard-r85x83s0d4r8twoj0bt5924xpq2a3x6xaybnpet45g.jpg\" title=\"gerhard\" alt=\"gerhard\" loading=\"lazy\" \/><\/figure><div class=\"elementor-image-box-content\"><h4 class=\"elementor-image-box-title\">Gerhard Neeb<\/h4><p class=\"elementor-image-box-description\">Guide, Instructeur, DHV-Performance-Trainer, Pilote de tandem<\/p><\/div><\/div>\t\t\t\t<\/div>\n\t\t\t\t<\/div>\n\t\t\t\t<\/div>\n\t\t<div class=\"elementor-element elementor-element-f5bb60e e-con-full e-flex e-con e-child\" data-id=\"f5bb60e\" data-element_type=\"container\">\n\t\t\t\t<div class=\"elementor-element elementor-element-edc63cb elementor-position-top elementor-widget elementor-widget-image-box\" data-id=\"edc63cb\" data-element_type=\"widget\" data-widget_type=\"image-box.default\">\n\t\t\t\t<div class=\"elementor-widget-container\">\n\t\t\t\t\t<div class=\"elementor-image-box-wrapper\"><figure class=\"elementor-image-box-img\"><img decoding=\"async\" src=\"https:\/\/para42.com\/wp-content\/uploads\/elementor\/thumbs\/ferdinand-r85x4rgo2c6jjtjaivswdwhxoejaqnxa6eti9zri9w.jpg\" title=\"ferdinand\" alt=\"ferdinand\" loading=\"lazy\" \/><\/figure><div class=\"elementor-image-box-content\"><h4 class=\"elementor-image-box-title\">Ferdinand Vogel<\/h4><p class=\"elementor-image-box-description\">Guide, Instructeur, Coach XC\/Cross-Country, Pilote de comp\u00e9tition, d'essai et de tandem<\/p><\/div><\/div>\t\t\t\t<\/div>\n\t\t\t\t<\/div>\n\t\t\t\t<\/div>\n\t\t\t\t\t<\/div>\n\t\t\t\t<\/div>\n\t\t\t\t<\/div>","protected":false},"excerpt":{"rendered":"<p>Para42 Team Meet the Para42 TeAM We all are passionate paragliding pilots ourselves, trying to make your trip as enjoyable and safe as possible. Join us on magic Tenerife &#8211; as we are experts on the islands meteo and all flying sites, we want you to be at the right place at the right time. [&hellip;]<\/p>","protected":false},"author":1,"featured_media":1411,"parent":279,"menu_order":0,"comment_status":"closed","ping_status":"closed","template":"","meta":{"footnotes":""},"class_list":["post-458","page","type-page","status-publish","has-post-thumbnail","hentry"],"_links":{"self":[{"href":"https:\/\/para42.com\/fr\/wp-json\/wp\/v2\/pages\/458","targetHints":{"allow":["GET"]}}],"collection":[{"href":"https:\/\/para42.com\/fr\/wp-json\/wp\/v2\/pages"}],"about":[{"href":"https:\/\/para42.com\/fr\/wp-json\/wp\/v2\/types\/page"}],"author":[{"embeddable":true,"href":"https:\/\/para42.com\/fr\/wp-json\/wp\/v2\/users\/1"}],"replies":[{"embeddable":true,"href":"https:\/\/para42.com\/fr\/wp-json\/wp\/v2\/comments?post=458"}],"version-history":[{"count":64,"href":"https:\/\/para42.com\/fr\/wp-json\/wp\/v2\/pages\/458\/revisions"}],"predecessor-version":[{"id":2853,"href":"https:\/\/para42.com\/fr\/wp-json\/wp\/v2\/pages\/458\/revisions\/2853"}],"up":[{"embeddable":true,"href":"https:\/\/para42.com\/fr\/wp-json\/wp\/v2\/pages\/279"}],"wp:featuredmedia":[{"embeddable":true,"href":"https:\/\/para42.com\/fr\/wp-json\/wp\/v2\/media\/1411"}],"wp:attachment":[{"href":"https:\/\/para42.com\/fr\/wp-json\/wp\/v2\/media?parent=458"}],"curies":[{"name":"wp","href":"https:\/\/api.w.org\/{rel}","templated":true}]}}