{"id":732,"date":"2025-07-07T12:25:25","date_gmt":"2025-07-07T12:25:25","guid":{"rendered":"https:\/\/wp.para42.com\/?page_id=732"},"modified":"2025-12-16T11:23:47","modified_gmt":"2025-12-16T11:23:47","slug":"privacy-policy","status":"publish","type":"page","link":"https:\/\/para42.com\/fr\/privacy-policy\/","title":{"rendered":"Politique de confidentialit\u00e9"},"content":{"rendered":"<div data-elementor-type=\"wp-page\" data-elementor-id=\"732\" class=\"elementor elementor-732\" data-elementor-post-type=\"page\">\n\t\t\t\t<div class=\"elementor-element elementor-element-b9c1ee3 e-flex e-con-boxed e-con e-parent\" data-id=\"b9c1ee3\" data-element_type=\"container\" data-settings=\"{&quot;background_background&quot;:&quot;classic&quot;}\">\n\t\t\t\t\t<div class=\"e-con-inner\">\n\t\t\t\t<div class=\"elementor-element elementor-element-84be8ab elementor-widget elementor-widget-heading\" data-id=\"84be8ab\" data-element_type=\"widget\" data-widget_type=\"heading.default\">\n\t\t\t\t<div class=\"elementor-widget-container\">\n\t\t\t\t\t<h1 class=\"elementor-heading-title elementor-size-default\">Pol\u00edtica da Privacidad\n<\/h1>\t\t\t\t<\/div>\n\t\t\t\t<\/div>\n\t\t\t\t\t<\/div>\n\t\t\t\t<\/div>\n\t\t<div class=\"elementor-element elementor-element-09d7599 e-flex e-con-boxed e-con e-parent\" data-id=\"09d7599\" data-element_type=\"container\" data-settings=\"{&quot;background_background&quot;:&quot;classic&quot;}\">\n\t\t\t\t\t<div class=\"e-con-inner\">\n\t\t<div class=\"elementor-element elementor-element-d86f992 e-con-full e-flex e-con e-child\" data-id=\"d86f992\" data-element_type=\"container\">\n\t\t\t\t<div class=\"elementor-element elementor-element-8d119ab elementor-widget elementor-widget-text-editor\" data-id=\"8d119ab\" data-element_type=\"widget\" data-widget_type=\"text-editor.default\">\n\t\t\t\t<div class=\"elementor-widget-container\">\n\t\t\t\t\t\t\t\t\t<h2><b>Pol\u00edtica de Privacidad<\/b><\/h2><p><span style=\"font-weight: 400;\">La presente Pol\u00edtica de Privacidad establece los t\u00e9rminos en que <\/span><b>Para42<\/b><span style=\"font-weight: 400;\"> usa y protege la informaci\u00f3n que es proporcionada por sus usuarios al momento de utilizar su sitio web. Esta compa\u00f1\u00eda est\u00e1 comprometida con la seguridad de los datos de sus usuarios. Cuando le pedimos llenar los campos de informaci\u00f3n personal con la cual usted pueda ser identificado, lo hacemos asegurando que solo se emplear\u00e1 de acuerdo con los t\u00e9rminos de este documento. Sin embargo, esta Pol\u00edtica de Privacidad puede cambiar con el tiempo o ser actualizada, por lo que le recomendamos y enfatizamos revisar continuamente esta p\u00e1gina para asegurarse de que est\u00e1 de acuerdo con dichos cambios.<br \/><br \/><\/span><\/p><h3><b>Informaci\u00f3n que es recogida<\/b><\/h3><p><span style=\"font-weight: 400;\">Nuestro sitio web podr\u00e1 recoger informaci\u00f3n personal, por ejemplo: <\/span><b>Nombre<\/b><span style=\"font-weight: 400;\">, informaci\u00f3n de contacto como su <\/span><b>direcci\u00f3n de correo electr\u00f3nico<\/b><span style=\"font-weight: 400;\"> e <\/span><b>informaci\u00f3n demogr\u00e1fica<\/b><span style=\"font-weight: 400;\">. As\u00ed mismo, cuando sea necesario, podr\u00e1 ser requerida informaci\u00f3n espec\u00edfica para <\/span><b>procesar alg\u00fan pedido o realizar una entrega o facturaci\u00f3n<\/b><span style=\"font-weight: 400;\">.<br \/><br \/><\/span><\/p><h3><b>Uso de la informaci\u00f3n recogida<\/b><\/h3><p><span style=\"font-weight: 400;\">Nuestro sitio web emplea la informaci\u00f3n con el fin de proporcionar el mejor servicio posible, particularmente para mantener un <\/span><b>registro de usuarios<\/b><span style=\"font-weight: 400;\">, de <\/span><b>pedidos<\/b><span style=\"font-weight: 400;\"> en caso de que aplique, y <\/span><b>mejorar nuestros productos y servicios<\/b><span style=\"font-weight: 400;\">. Es posible que sean enviados correos electr\u00f3nicos peri\u00f3dicamente a trav\u00e9s de nuestro sitio con <\/span><b>ofertas especiales, nuevos productos y otra informaci\u00f3n publicitaria<\/b><span style=\"font-weight: 400;\"> que consideremos relevante para usted o que pueda brindarle alg\u00fan beneficio. Estos correos electr\u00f3nicos ser\u00e1n enviados a la direcci\u00f3n que usted proporcione y podr\u00e1n ser cancelados en cualquier momento.<\/span><\/p><p><span style=\"font-weight: 400;\">Para42 est\u00e1 altamente comprometido para cumplir con el compromiso de mantener su informaci\u00f3n segura. Usamos los sistemas m\u00e1s avanzados y los actualizamos constantemente para asegurarnos de que no exista ning\u00fan acceso no autorizado.<br \/><br \/><\/span><\/p><h3><b>\ud83d\uddfa\ufe0f Uso de Google Maps<\/b><\/h3><p><span style=\"font-weight: 400;\">En nuestro sitio web se utiliza el servicio de <\/span><b>Google Maps<\/b><span style=\"font-weight: 400;\"> para mostrar informaci\u00f3n geogr\u00e1fica y facilitar la localizaci\u00f3n. Al utilizar Google Maps, se puede recopilar, procesar y utilizar informaci\u00f3n sobre su uso de las funciones de Google Maps. Esto incluye, pero no se limita a, la <\/span><b>ubicaci\u00f3n geogr\u00e1fica<\/b><span style=\"font-weight: 400;\"> a trav\u00e9s de su direcci\u00f3n IP o mediante el uso de la funcionalidad GPS, seg\u00fan la configuraci\u00f3n de su dispositivo.<\/span><\/p><ul><li style=\"font-weight: 400;\" aria-level=\"1\"><span style=\"font-weight: 400;\">El uso de Google Maps est\u00e1 sujeto a las <\/span><b>Condiciones de Servicio Adicionales de Google Maps\/Google Earth<\/b><span style=\"font-weight: 400;\"> y a la <\/span><b>Pol\u00edtica de Privacidad de Google<\/b><span style=\"font-weight: 400;\">.<\/span><\/li><li style=\"font-weight: 400;\" aria-level=\"1\"><b>Para42 no tiene control<\/b><span style=\"font-weight: 400;\"> sobre los datos recopilados directamente por Google, ni sobre el tratamiento que Google haga de los mismos.<\/span><\/li><li style=\"font-weight: 400;\" aria-level=\"1\"><span style=\"font-weight: 400;\">Al utilizar las funciones de Google Maps, <\/span><b>usted acepta el procesamiento de los datos<\/b><span style=\"font-weight: 400;\"> por parte de Google en la forma y para los fines descritos en sus pol\u00edticas. Le recomendamos consultar la pol\u00edtica de privacidad de Google para obtener informaci\u00f3n detallada.<\/span><\/li><\/ul><h3><b><br \/>Cookies<\/b><\/h3><p><span style=\"font-weight: 400;\">Una <\/span><i><span style=\"font-weight: 400;\">cookie<\/span><\/i><span style=\"font-weight: 400;\"> se refiere a un fichero que es enviado con la finalidad de solicitar permiso para almacenarse en su ordenador. Al aceptar, dicho fichero se crea y la cookie sirve entonces para tener informaci\u00f3n respecto al <\/span><b>tr\u00e1fico web<\/b><span style=\"font-weight: 400;\"> y tambi\u00e9n facilita las <\/span><b>futuras visitas a una web recurrente<\/b><span style=\"font-weight: 400;\">. Otra funci\u00f3n que tienen las cookies es que con ellas la web puede <\/span><b>reconocerte individualmente<\/b><span style=\"font-weight: 400;\"> y por lo tanto brindarte el mejor servicio personalizado.<\/span><\/p><p><span style=\"font-weight: 400;\">Nuestro sitio web emplea las cookies para poder <\/span><b>identificar las p\u00e1ginas que son visitadas y su frecuencia<\/b><span style=\"font-weight: 400;\">. Esta informaci\u00f3n es empleada \u00fanicamente para <\/span><b>an\u00e1lisis estad\u00edstico<\/b><span style=\"font-weight: 400;\"> y despu\u00e9s la informaci\u00f3n se elimina de forma permanente. Usted puede <\/span><b>eliminar las cookies<\/b><span style=\"font-weight: 400;\"> en cualquier momento desde su ordenador. Sin embargo, las cookies ayudan a proporcionar un mejor servicio de los sitios web; estas no dan acceso a informaci\u00f3n de su ordenador ni de usted, a menos de que usted as\u00ed lo quiera y la proporcione directamente. Usted puede <\/span><b>aceptar o negar el uso de cookies<\/b><span style=\"font-weight: 400;\">, sin embargo, la mayor\u00eda de navegadores aceptan cookies autom\u00e1ticamente, pues sirven para tener un mejor servicio web. Tambi\u00e9n usted puede cambiar la configuraci\u00f3n de su ordenador para declinar las cookies. Si se declinan, es posible que no pueda utilizar algunos de nuestros servicios.<br \/><br \/><\/span><\/p><h3><b>Enlaces a Terceros<\/b><\/h3><p><span style=\"font-weight: 400;\">Este sitio web pudiera contener <\/span><b>enlaces a otros sitios<\/b><span style=\"font-weight: 400;\"> que pudieran ser de su inter\u00e9s. Una vez que usted d\u00e9 clic en estos enlaces y abandone nuestra p\u00e1gina, ya no tenemos control sobre el sitio al que es redirigido y por lo tanto <\/span><b>no somos responsables de los t\u00e9rminos o privacidad ni de la protecci\u00f3n de sus datos en esos otros sitios terceros<\/b><span style=\"font-weight: 400;\">. Dichos sitios est\u00e1n sujetos a sus propias pol\u00edticas de privacidad, por lo cual es recomendable que los consulte para confirmar que usted est\u00e1 de acuerdo con estas.<br \/><br \/><\/span><\/p><h3><b>Control de su informaci\u00f3n personal<\/b><\/h3><p><span style=\"font-weight: 400;\">En cualquier momento usted puede <\/span><b>restringir la recopilaci\u00f3n o el uso de la informaci\u00f3n personal<\/b><span style=\"font-weight: 400;\"> que es proporcionada a nuestro sitio web. Cada vez que se le solicite rellenar un formulario, como el de alta de usuario, puede marcar o desmarcar la opci\u00f3n de recibir informaci\u00f3n por correo electr\u00f3nico. En caso de que haya marcado la opci\u00f3n de recibir nuestro bolet\u00edn o publicidad, <\/span><b>usted puede cancelarla en cualquier momento<\/b><span style=\"font-weight: 400;\">.<\/span><\/p><p><span style=\"font-weight: 400;\">Esta compa\u00f1\u00eda <\/span><b>no vender\u00e1, ceder\u00e1 ni distribuir\u00e1 la informaci\u00f3n personal<\/b><span style=\"font-weight: 400;\"> que es recopilada sin su consentimiento, salvo que sea requerido por un juez con una orden judicial.<\/span><\/p><p><span style=\"font-weight: 400;\">Para42 <\/span><b>Se reserva el derecho de cambiar los t\u00e9rminos de la presente Pol\u00edtica de Privacidad en cualquier momento.<\/b><\/p>\t\t\t\t\t\t\t\t<\/div>\n\t\t\t\t<\/div>\n\t\t\t\t<\/div>\n\t\t\t\t\t<\/div>\n\t\t\t\t<\/div>\n\t\t\t\t<\/div>","protected":false},"excerpt":{"rendered":"<p>Pol\u00edtica da Privacidad Pol\u00edtica de Privacidad La presente Pol\u00edtica de Privacidad establece los t\u00e9rminos en que Para42 usa y protege la informaci\u00f3n que es proporcionada por sus usuarios al momento de utilizar su sitio web. Esta compa\u00f1\u00eda est\u00e1 comprometida con la seguridad de los datos de sus usuarios. Cuando le pedimos llenar los campos de [&hellip;]<\/p>","protected":false},"author":1,"featured_media":0,"parent":0,"menu_order":0,"comment_status":"closed","ping_status":"closed","template":"","meta":{"footnotes":""},"class_list":["post-732","page","type-page","status-publish","hentry"],"_links":{"self":[{"href":"https:\/\/para42.com\/fr\/wp-json\/wp\/v2\/pages\/732","targetHints":{"allow":["GET"]}}],"collection":[{"href":"https:\/\/para42.com\/fr\/wp-json\/wp\/v2\/pages"}],"about":[{"href":"https:\/\/para42.com\/fr\/wp-json\/wp\/v2\/types\/page"}],"author":[{"embeddable":true,"href":"https:\/\/para42.com\/fr\/wp-json\/wp\/v2\/users\/1"}],"replies":[{"embeddable":true,"href":"https:\/\/para42.com\/fr\/wp-json\/wp\/v2\/comments?post=732"}],"version-history":[{"count":10,"href":"https:\/\/para42.com\/fr\/wp-json\/wp\/v2\/pages\/732\/revisions"}],"predecessor-version":[{"id":2340,"href":"https:\/\/para42.com\/fr\/wp-json\/wp\/v2\/pages\/732\/revisions\/2340"}],"wp:attachment":[{"href":"https:\/\/para42.com\/fr\/wp-json\/wp\/v2\/media?parent=732"}],"curies":[{"name":"wp","href":"https:\/\/api.w.org\/{rel}","templated":true}]}}